{"id":1178,"date":"2018-09-05T06:10:51","date_gmt":"2018-09-05T06:10:51","guid":{"rendered":"https:\/\/www.elfarodetuciudad.com\/?page_id=1178"},"modified":"2020-04-03T13:18:14","modified_gmt":"2020-04-03T12:18:14","slug":"app-de-ofertas","status":"publish","type":"page","link":"https:\/\/www.elfarodetuciudad.com\/?page_id=1178","title":{"rendered":"App de Ofertas"},"content":{"rendered":"<p>[et_pb_section bb_built=&#8221;1&#8243; specialty=&#8221;off&#8221; next_background_color=&#8221;rgba(255,255,255,0)&#8221; _builder_version=&#8221;3.7&#8243; background_image=&#8221;https:\/\/www.elfarodetuciudad.com\/wp-content\/uploads\/2019\/05\/descargapp6.jpg&#8221;][et_pb_row _builder_version=&#8221;3.7&#8243;][et_pb_column type=&#8221;4_4&#8243;][et_pb_text _builder_version=&#8221;3.7&#8243; background_layout=&#8221;dark&#8221; header_text_shadow_style=&#8221;preset4&#8243;]<\/p>\n<h1 style=\"text-align: center;\"><strong>Descubre nuestra App<\/strong><\/h1>\n<p>[\/et_pb_text][\/et_pb_column][\/et_pb_row][\/et_pb_section][et_pb_section bb_built=&#8221;1&#8243; parallax_method=&#8221;off&#8221; background_color=&#8221;rgba(255,255,255,0)&#8221; _builder_version=&#8221;3.7&#8243; prev_background_color=&#8221;#ffffff&#8221;][et_pb_row _builder_version=&#8221;3.7&#8243;][et_pb_column type=&#8221;4_4&#8243;][et_pb_image admin_label=&#8221;Image&#8221; src=&#8221;https:\/\/www.elfarodetuciudad.com\/wp-content\/uploads\/2019\/06\/appelfaroabajo.jpg&#8221; title_text=&#8221;El Faro de Tu Ciudad&#8221; _builder_version=&#8221;3.7&#8243; align=&#8221;center&#8221; \/][et_pb_cta admin_label=&#8221;Call To Action&#8221; button_url=&#8221;#&#8221; use_background_color=&#8221;off&#8221; background_layout=&#8221;light&#8221; background_color=&#8221;#ffffff&#8221; background_position=&#8221;top_left&#8221; background_repeat=&#8221;repeat&#8221; background_size=&#8221;initial&#8221; _builder_version=&#8221;3.7&#8243;]<\/p>\n<h2 style=\"font-size: 60px; line-height: 1.1em; text-align: left;\">GANA PUNTOS CANJEABLES POR REGALOS, VIAJES Y EXPERIENCIAS POR COMPRAS EN COMERCIOS<\/h2>\n<h2 style=\"font-size: 60px; line-height: 1.1em;\">OFERTAS Y DESCUENTOS EN LA PALMA DE TU MANO<\/h2>\n<p><span style=\"font-size: medium;\">El Faro De Tu Ciudad, la Aplicaci\u00f3n con la que conseguir\u00e1s puntos canjeables por regalos viajes y experiencias ademas de ofertas exclusivas en comercios de tu ciudad.<\/span><\/p>\n<p><span style=\"font-size: medium;\">Solo tienes que descargarte la aplicaci\u00f3n, registrarte y buscar en que comercios puedes ganar puntos con tus compras y ofertas exclusivas para los usuarios de El Faro De Tu Ciudad.<\/span><\/p>\n<p><span style=\"font-size: medium;\">Para ganar tus puntos despues de consumir solo tienes que reclamar tus puntos a trav\u00e9s de la aplicaci\u00f3n, te escanean la oferta y automaticamente tendr\u00e1s tus puntos. <\/span><\/p>\n<p><span style=\"font-size: medium;\">Y para acceder a la oferta exclusiva para usuarios de El Faro De Tu Ciudad, solo tienes que ir al establecimiento ense\u00f1ar la aplicaci\u00f3n con la pantalla donde est\u00e1 la oferta o descuento y te lo aplicaran en tu compra.<\/span><\/p>\n<p>Ahorra dinero en tus compras.<\/p>\n<p>Enterarte el primero de ofertas exclusivas en comercios de tu ciudad.<\/p>\n<p><span style=\"font-size: medium;\">El Faro De Tu Ciudad es la nueva forma conseguir regalos, viajes y experiencias, de ahorrar dinero y de apoyar el comercio local.<br \/>\n<\/span><\/p>\n<p><a href=\"https:\/\/play.google.com\/store\/apps\/details?id=com.digizone.elfaro#sthash.QYXOvfKV.dpuf\" target=\"_blank\" rel=\"noopener noreferrer\"><img loading=\"lazy\" decoding=\"async\" class=\"alignnone wp-image-85 size-full\" src=\"https:\/\/www.elfarodetuciudad.com\/wp-content\/uploads\/2015\/05\/es_generic_rgb_wo_60-e1431162475738.png\" alt=\"\" width=\"172\" height=\"60\" \/><\/a>\u00a0\u00a0<a href=\"https:\/\/itunes.apple.com\/es\/app\/el-faro-de-tu-ciudad\/id995992311?mt=8\" target=\"_blank\" rel=\"noopener noreferrer\"><img loading=\"lazy\" decoding=\"async\" class=\"alignnone size-medium wp-image-428\" src=\"https:\/\/www.elfarodetuciudad.com\/wp-content\/uploads\/2015\/05\/Disponible-en-App-Store-300x104.png\" alt=\"Disponible en App Store\" width=\"172\" height=\"60\" srcset=\"https:\/\/www.elfarodetuciudad.com\/wp-content\/uploads\/2015\/05\/Disponible-en-App-Store-300x104.png 300w, https:\/\/www.elfarodetuciudad.com\/wp-content\/uploads\/2015\/05\/Disponible-en-App-Store-600x208.png 600w, https:\/\/www.elfarodetuciudad.com\/wp-content\/uploads\/2015\/05\/Disponible-en-App-Store.png 902w\" sizes=\"auto, (max-width: 172px) 100vw, 172px\" \/><\/a><\/p>\n<p>[\/et_pb_cta][\/et_pb_column][\/et_pb_row][\/et_pb_section]<\/p>\n<span class=\"et_bloom_bottom_trigger\"><\/span>","protected":false},"excerpt":{"rendered":"<p>[et_pb_section bb_built=&#8221;1&#8243; specialty=&#8221;off&#8221; next_background_color=&#8221;rgba(255,255,255,0)&#8221; _builder_version=&#8221;3.7&#8243; background_image=&#8221;https:\/\/www.elfarodetuciudad.com\/wp-content\/uploads\/2019\/05\/descargapp6.jpg&#8221;][et_pb_row _builder_version=&#8221;3.7&#8243;][et_pb_column type=&#8221;4_4&#8243;][et_pb_text _builder_version=&#8221;3.7&#8243; background_layout=&#8221;dark&#8221; header_text_shadow_style=&#8221;preset4&#8243;] Descubre nuestra App [\/et_pb_text][\/et_pb_column][\/et_pb_row][\/et_pb_section][et_pb_section bb_built=&#8221;1&#8243; parallax_method=&#8221;off&#8221; background_color=&#8221;rgba(255,255,255,0)&#8221; _builder_version=&#8221;3.7&#8243; prev_background_color=&#8221;#ffffff&#8221;][et_pb_row _builder_version=&#8221;3.7&#8243;][et_pb_column type=&#8221;4_4&#8243;][et_pb_image admin_label=&#8221;Image&#8221; src=&#8221;https:\/\/www.elfarodetuciudad.com\/wp-content\/uploads\/2019\/06\/appelfaroabajo.jpg&#8221; title_text=&#8221;El Faro de Tu Ciudad&#8221; _builder_version=&#8221;3.7&#8243; align=&#8221;center&#8221; \/][et_pb_cta admin_label=&#8221;Call To Action&#8221; button_url=&#8221;#&#8221; use_background_color=&#8221;off&#8221; background_layout=&#8221;light&#8221; background_color=&#8221;#ffffff&#8221; background_position=&#8221;top_left&#8221; background_repeat=&#8221;repeat&#8221; background_size=&#8221;initial&#8221; _builder_version=&#8221;3.7&#8243;] GANA PUNTOS CANJEABLES POR REGALOS, VIAJES Y EXPERIENCIAS POR COMPRAS EN COMERCIOS [&hellip;]<\/p>\n","protected":false},"author":9,"featured_media":0,"parent":0,"menu_order":0,"comment_status":"closed","ping_status":"closed","template":"","meta":{"footnotes":""},"class_list":["post-1178","page","type-page","status-publish","hentry"],"yoast_head":"<!-- This site is optimized with the Yoast SEO plugin v22.3 - https:\/\/yoast.com\/wordpress\/plugins\/seo\/ -->\n<title>App de Ofertas - El Faro De Tu Ciudad<\/title>\n<meta name=\"robots\" content=\"index, follow, max-snippet:-1, max-image-preview:large, max-video-preview:-1\" \/>\n<link rel=\"canonical\" href=\"https:\/\/www.elfarodetuciudad.com\/?page_id=1178\" \/>\n<meta property=\"og:locale\" content=\"es_ES\" \/>\n<meta property=\"og:type\" content=\"article\" \/>\n<meta property=\"og:title\" content=\"App de Ofertas - El Faro De Tu Ciudad\" \/>\n<meta property=\"og:description\" content=\"[et_pb_section bb_built=&#8221;1&#8243; specialty=&#8221;off&#8221; next_background_color=&#8221;rgba(255,255,255,0)&#8221; _builder_version=&#8221;3.7&#8243; background_image=&#8221;https:\/\/www.elfarodetuciudad.com\/wp-content\/uploads\/2019\/05\/descargapp6.jpg&#8221;][et_pb_row _builder_version=&#8221;3.7&#8243;][et_pb_column type=&#8221;4_4&#8243;][et_pb_text _builder_version=&#8221;3.7&#8243; background_layout=&#8221;dark&#8221; header_text_shadow_style=&#8221;preset4&#8243;] Descubre nuestra App [\/et_pb_text][\/et_pb_column][\/et_pb_row][\/et_pb_section][et_pb_section bb_built=&#8221;1&#8243; parallax_method=&#8221;off&#8221; background_color=&#8221;rgba(255,255,255,0)&#8221; _builder_version=&#8221;3.7&#8243; prev_background_color=&#8221;#ffffff&#8221;][et_pb_row _builder_version=&#8221;3.7&#8243;][et_pb_column type=&#8221;4_4&#8243;][et_pb_image admin_label=&#8221;Image&#8221; src=&#8221;https:\/\/www.elfarodetuciudad.com\/wp-content\/uploads\/2019\/06\/appelfaroabajo.jpg&#8221; title_text=&#8221;El Faro de Tu Ciudad&#8221; _builder_version=&#8221;3.7&#8243; align=&#8221;center&#8221; \/][et_pb_cta admin_label=&#8221;Call To Action&#8221; button_url=&#8221;#&#8221; use_background_color=&#8221;off&#8221; background_layout=&#8221;light&#8221; background_color=&#8221;#ffffff&#8221; background_position=&#8221;top_left&#8221; background_repeat=&#8221;repeat&#8221; background_size=&#8221;initial&#8221; _builder_version=&#8221;3.7&#8243;] GANA PUNTOS CANJEABLES POR REGALOS, VIAJES Y EXPERIENCIAS POR COMPRAS EN COMERCIOS [&hellip;]\" \/>\n<meta property=\"og:url\" content=\"https:\/\/www.elfarodetuciudad.com\/?page_id=1178\" \/>\n<meta property=\"og:site_name\" content=\"El Faro De Tu Ciudad\" \/>\n<meta property=\"article:publisher\" content=\"https:\/\/es-es.facebook.com\/ElFaroDeTuCiudad\/\" \/>\n<meta property=\"article:modified_time\" content=\"2020-04-03T12:18:14+00:00\" \/>\n<meta property=\"og:image\" content=\"https:\/\/www.elfarodetuciudad.com\/wp-content\/uploads\/2015\/05\/es_generic_rgb_wo_60-e1431162475738.png\" \/>\n<meta name=\"twitter:card\" content=\"summary_large_image\" \/>\n<meta name=\"twitter:site\" content=\"@elfarodetuciuda\" \/>\n<meta name=\"twitter:label1\" content=\"Tiempo de lectura\" \/>\n\t<meta name=\"twitter:data1\" content=\"2 minutos\" \/>\n<script type=\"application\/ld+json\" class=\"yoast-schema-graph\">{\"@context\":\"https:\/\/schema.org\",\"@graph\":[{\"@type\":\"WebPage\",\"@id\":\"https:\/\/www.elfarodetuciudad.com\/?page_id=1178\",\"url\":\"https:\/\/www.elfarodetuciudad.com\/?page_id=1178\",\"name\":\"App de Ofertas - El Faro De Tu Ciudad\",\"isPartOf\":{\"@id\":\"https:\/\/www.elfarodetuciudad.com\/#website\"},\"primaryImageOfPage\":{\"@id\":\"https:\/\/www.elfarodetuciudad.com\/?page_id=1178#primaryimage\"},\"image\":{\"@id\":\"https:\/\/www.elfarodetuciudad.com\/?page_id=1178#primaryimage\"},\"thumbnailUrl\":\"https:\/\/www.elfarodetuciudad.com\/wp-content\/uploads\/2015\/05\/es_generic_rgb_wo_60-e1431162475738.png\",\"datePublished\":\"2018-09-05T06:10:51+00:00\",\"dateModified\":\"2020-04-03T12:18:14+00:00\",\"breadcrumb\":{\"@id\":\"https:\/\/www.elfarodetuciudad.com\/?page_id=1178#breadcrumb\"},\"inLanguage\":\"es\",\"potentialAction\":[{\"@type\":\"ReadAction\",\"target\":[\"https:\/\/www.elfarodetuciudad.com\/?page_id=1178\"]}]},{\"@type\":\"ImageObject\",\"inLanguage\":\"es\",\"@id\":\"https:\/\/www.elfarodetuciudad.com\/?page_id=1178#primaryimage\",\"url\":\"https:\/\/www.elfarodetuciudad.com\/wp-content\/uploads\/2015\/05\/es_generic_rgb_wo_60-e1431162475738.png\",\"contentUrl\":\"https:\/\/www.elfarodetuciudad.com\/wp-content\/uploads\/2015\/05\/es_generic_rgb_wo_60-e1431162475738.png\",\"width\":172,\"height\":60},{\"@type\":\"BreadcrumbList\",\"@id\":\"https:\/\/www.elfarodetuciudad.com\/?page_id=1178#breadcrumb\",\"itemListElement\":[{\"@type\":\"ListItem\",\"position\":1,\"name\":\"Portada\",\"item\":\"https:\/\/www.elfarodetuciudad.com\/\"},{\"@type\":\"ListItem\",\"position\":2,\"name\":\"App de Ofertas\"}]},{\"@type\":\"WebSite\",\"@id\":\"https:\/\/www.elfarodetuciudad.com\/#website\",\"url\":\"https:\/\/www.elfarodetuciudad.com\/\",\"name\":\"El Faro De Tu Ciudad\",\"description\":\"Aplicaci&oacute;n m&oacute;vil para fidelizar y ganar clientes\",\"publisher\":{\"@id\":\"https:\/\/www.elfarodetuciudad.com\/#organization\"},\"potentialAction\":[{\"@type\":\"SearchAction\",\"target\":{\"@type\":\"EntryPoint\",\"urlTemplate\":\"https:\/\/www.elfarodetuciudad.com\/?s={search_term_string}\"},\"query-input\":\"required name=search_term_string\"}],\"inLanguage\":\"es\"},{\"@type\":\"Organization\",\"@id\":\"https:\/\/www.elfarodetuciudad.com\/#organization\",\"name\":\"El Faro De Tu Ciudad\",\"url\":\"https:\/\/www.elfarodetuciudad.com\/\",\"logo\":{\"@type\":\"ImageObject\",\"inLanguage\":\"es\",\"@id\":\"https:\/\/www.elfarodetuciudad.com\/#\/schema\/logo\/image\/\",\"url\":\"https:\/\/i1.wp.com\/www.elfarodetuciudad.com\/wp-content\/uploads\/2018\/09\/logo_faro_tu_ciudad_1.png?fit=149%2C121&ssl=1\",\"contentUrl\":\"https:\/\/i1.wp.com\/www.elfarodetuciudad.com\/wp-content\/uploads\/2018\/09\/logo_faro_tu_ciudad_1.png?fit=149%2C121&ssl=1\",\"width\":149,\"height\":121,\"caption\":\"El Faro De Tu Ciudad\"},\"image\":{\"@id\":\"https:\/\/www.elfarodetuciudad.com\/#\/schema\/logo\/image\/\"},\"sameAs\":[\"https:\/\/es-es.facebook.com\/ElFaroDeTuCiudad\/\",\"https:\/\/twitter.com\/elfarodetuciuda\",\"https:\/\/www.instagram.com\/elfarodetuciudad\",\"https:\/\/www.linkedin.com\/company\/el-faro-de-tu-ciudad\",\"https:\/\/www.youtube.com\/channel\/UC9KIxQr8s2s2a6OLwNTQOhw\"]}]}<\/script>\n<!-- \/ Yoast SEO plugin. -->","yoast_head_json":{"title":"App de Ofertas - El Faro De Tu Ciudad","robots":{"index":"index","follow":"follow","max-snippet":"max-snippet:-1","max-image-preview":"max-image-preview:large","max-video-preview":"max-video-preview:-1"},"canonical":"https:\/\/www.elfarodetuciudad.com\/?page_id=1178","og_locale":"es_ES","og_type":"article","og_title":"App de Ofertas - El Faro De Tu Ciudad","og_description":"[et_pb_section bb_built=&#8221;1&#8243; specialty=&#8221;off&#8221; next_background_color=&#8221;rgba(255,255,255,0)&#8221; _builder_version=&#8221;3.7&#8243; background_image=&#8221;https:\/\/www.elfarodetuciudad.com\/wp-content\/uploads\/2019\/05\/descargapp6.jpg&#8221;][et_pb_row _builder_version=&#8221;3.7&#8243;][et_pb_column type=&#8221;4_4&#8243;][et_pb_text _builder_version=&#8221;3.7&#8243; background_layout=&#8221;dark&#8221; header_text_shadow_style=&#8221;preset4&#8243;] Descubre nuestra App [\/et_pb_text][\/et_pb_column][\/et_pb_row][\/et_pb_section][et_pb_section bb_built=&#8221;1&#8243; parallax_method=&#8221;off&#8221; background_color=&#8221;rgba(255,255,255,0)&#8221; _builder_version=&#8221;3.7&#8243; prev_background_color=&#8221;#ffffff&#8221;][et_pb_row _builder_version=&#8221;3.7&#8243;][et_pb_column type=&#8221;4_4&#8243;][et_pb_image admin_label=&#8221;Image&#8221; src=&#8221;https:\/\/www.elfarodetuciudad.com\/wp-content\/uploads\/2019\/06\/appelfaroabajo.jpg&#8221; title_text=&#8221;El Faro de Tu Ciudad&#8221; _builder_version=&#8221;3.7&#8243; align=&#8221;center&#8221; \/][et_pb_cta admin_label=&#8221;Call To Action&#8221; button_url=&#8221;#&#8221; use_background_color=&#8221;off&#8221; background_layout=&#8221;light&#8221; background_color=&#8221;#ffffff&#8221; background_position=&#8221;top_left&#8221; background_repeat=&#8221;repeat&#8221; background_size=&#8221;initial&#8221; _builder_version=&#8221;3.7&#8243;] GANA PUNTOS CANJEABLES POR REGALOS, VIAJES Y EXPERIENCIAS POR COMPRAS EN COMERCIOS [&hellip;]","og_url":"https:\/\/www.elfarodetuciudad.com\/?page_id=1178","og_site_name":"El Faro De Tu Ciudad","article_publisher":"https:\/\/es-es.facebook.com\/ElFaroDeTuCiudad\/","article_modified_time":"2020-04-03T12:18:14+00:00","og_image":[{"url":"https:\/\/www.elfarodetuciudad.com\/wp-content\/uploads\/2015\/05\/es_generic_rgb_wo_60-e1431162475738.png"}],"twitter_card":"summary_large_image","twitter_site":"@elfarodetuciuda","twitter_misc":{"Tiempo de lectura":"2 minutos"},"schema":{"@context":"https:\/\/schema.org","@graph":[{"@type":"WebPage","@id":"https:\/\/www.elfarodetuciudad.com\/?page_id=1178","url":"https:\/\/www.elfarodetuciudad.com\/?page_id=1178","name":"App de Ofertas - El Faro De Tu Ciudad","isPartOf":{"@id":"https:\/\/www.elfarodetuciudad.com\/#website"},"primaryImageOfPage":{"@id":"https:\/\/www.elfarodetuciudad.com\/?page_id=1178#primaryimage"},"image":{"@id":"https:\/\/www.elfarodetuciudad.com\/?page_id=1178#primaryimage"},"thumbnailUrl":"https:\/\/www.elfarodetuciudad.com\/wp-content\/uploads\/2015\/05\/es_generic_rgb_wo_60-e1431162475738.png","datePublished":"2018-09-05T06:10:51+00:00","dateModified":"2020-04-03T12:18:14+00:00","breadcrumb":{"@id":"https:\/\/www.elfarodetuciudad.com\/?page_id=1178#breadcrumb"},"inLanguage":"es","potentialAction":[{"@type":"ReadAction","target":["https:\/\/www.elfarodetuciudad.com\/?page_id=1178"]}]},{"@type":"ImageObject","inLanguage":"es","@id":"https:\/\/www.elfarodetuciudad.com\/?page_id=1178#primaryimage","url":"https:\/\/www.elfarodetuciudad.com\/wp-content\/uploads\/2015\/05\/es_generic_rgb_wo_60-e1431162475738.png","contentUrl":"https:\/\/www.elfarodetuciudad.com\/wp-content\/uploads\/2015\/05\/es_generic_rgb_wo_60-e1431162475738.png","width":172,"height":60},{"@type":"BreadcrumbList","@id":"https:\/\/www.elfarodetuciudad.com\/?page_id=1178#breadcrumb","itemListElement":[{"@type":"ListItem","position":1,"name":"Portada","item":"https:\/\/www.elfarodetuciudad.com\/"},{"@type":"ListItem","position":2,"name":"App de Ofertas"}]},{"@type":"WebSite","@id":"https:\/\/www.elfarodetuciudad.com\/#website","url":"https:\/\/www.elfarodetuciudad.com\/","name":"El Faro De Tu Ciudad","description":"Aplicaci&oacute;n m&oacute;vil para fidelizar y ganar clientes","publisher":{"@id":"https:\/\/www.elfarodetuciudad.com\/#organization"},"potentialAction":[{"@type":"SearchAction","target":{"@type":"EntryPoint","urlTemplate":"https:\/\/www.elfarodetuciudad.com\/?s={search_term_string}"},"query-input":"required name=search_term_string"}],"inLanguage":"es"},{"@type":"Organization","@id":"https:\/\/www.elfarodetuciudad.com\/#organization","name":"El Faro De Tu Ciudad","url":"https:\/\/www.elfarodetuciudad.com\/","logo":{"@type":"ImageObject","inLanguage":"es","@id":"https:\/\/www.elfarodetuciudad.com\/#\/schema\/logo\/image\/","url":"https:\/\/i1.wp.com\/www.elfarodetuciudad.com\/wp-content\/uploads\/2018\/09\/logo_faro_tu_ciudad_1.png?fit=149%2C121&ssl=1","contentUrl":"https:\/\/i1.wp.com\/www.elfarodetuciudad.com\/wp-content\/uploads\/2018\/09\/logo_faro_tu_ciudad_1.png?fit=149%2C121&ssl=1","width":149,"height":121,"caption":"El Faro De Tu Ciudad"},"image":{"@id":"https:\/\/www.elfarodetuciudad.com\/#\/schema\/logo\/image\/"},"sameAs":["https:\/\/es-es.facebook.com\/ElFaroDeTuCiudad\/","https:\/\/twitter.com\/elfarodetuciuda","https:\/\/www.instagram.com\/elfarodetuciudad","https:\/\/www.linkedin.com\/company\/el-faro-de-tu-ciudad","https:\/\/www.youtube.com\/channel\/UC9KIxQr8s2s2a6OLwNTQOhw"]}]}},"_links":{"self":[{"href":"https:\/\/www.elfarodetuciudad.com\/index.php?rest_route=\/wp\/v2\/pages\/1178","targetHints":{"allow":["GET"]}}],"collection":[{"href":"https:\/\/www.elfarodetuciudad.com\/index.php?rest_route=\/wp\/v2\/pages"}],"about":[{"href":"https:\/\/www.elfarodetuciudad.com\/index.php?rest_route=\/wp\/v2\/types\/page"}],"author":[{"embeddable":true,"href":"https:\/\/www.elfarodetuciudad.com\/index.php?rest_route=\/wp\/v2\/users\/9"}],"replies":[{"embeddable":true,"href":"https:\/\/www.elfarodetuciudad.com\/index.php?rest_route=%2Fwp%2Fv2%2Fcomments&post=1178"}],"version-history":[{"count":9,"href":"https:\/\/www.elfarodetuciudad.com\/index.php?rest_route=\/wp\/v2\/pages\/1178\/revisions"}],"predecessor-version":[{"id":1892,"href":"https:\/\/www.elfarodetuciudad.com\/index.php?rest_route=\/wp\/v2\/pages\/1178\/revisions\/1892"}],"wp:attachment":[{"href":"https:\/\/www.elfarodetuciudad.com\/index.php?rest_route=%2Fwp%2Fv2%2Fmedia&parent=1178"}],"curies":[{"name":"wp","href":"https:\/\/api.w.org\/{rel}","templated":true}]}}