{"id":42,"date":"2015-05-08T14:52:40","date_gmt":"2015-05-08T14:52:40","guid":{"rendered":"https:\/\/www.elfarodetuciudad.com\/?page_id=42"},"modified":"2020-01-21T10:36:33","modified_gmt":"2020-01-21T09:36:33","slug":"inicio","status":"publish","type":"page","link":"https:\/\/www.elfarodetuciudad.com\/","title":{"rendered":"Inicio"},"content":{"rendered":"<p>[et_pb_section fb_built=&#8221;1&#8243; _builder_version=&#8221;3.7&#8243; custom_margin=&#8221;0px|0px|0px|0px&#8221; custom_padding=&#8221;0px|0px|0px|0px&#8221;][et_pb_row make_fullwidth=&#8221;on&#8221; use_custom_gutter=&#8221;on&#8221; gutter_width=&#8221;1&#8243; custom_padding=&#8221;0px|0px|0px|0px&#8221; custom_margin=&#8221;0px|0px|0px|0px&#8221; padding_top_1=&#8221;0px&#8221; padding_top_2=&#8221;0px&#8221; padding_right_1=&#8221;0px&#8221; padding_right_2=&#8221;0px&#8221; padding_bottom_1=&#8221;0px&#8221; padding_bottom_2=&#8221;0px&#8221; padding_left_1=&#8221;0px&#8221; padding_left_2=&#8221;0px&#8221; _builder_version=&#8221;3.7&#8243;][et_pb_column type=&#8221;1_2&#8243; _builder_version=&#8221;3.0.47&#8243; padding_bottom=&#8221;0px&#8221; padding_left=&#8221;0px&#8221; padding_right=&#8221;0px&#8221; padding_top=&#8221;0px&#8221; parallax=&#8221;off&#8221; parallax_method=&#8221;on&#8221;][et_pb_image src=&#8221;https:\/\/www.elfarodetuciudad.com\/wp-content\/uploads\/2018\/09\/fraquicia_faro_ciudad-1.jpg&#8221; url=&#8221;https:\/\/www.elfarodetuciudad.com\/area-de-afiliados\/&#8221; force_fullwidth=&#8221;on&#8221; _builder_version=&#8221;3.7&#8243; custom_margin=&#8221;0px|0px|0px|0px&#8221; custom_padding=&#8221;0px|0px|0px|0px&#8221; animation_style=&#8221;slide&#8221; animation_direction=&#8221;right&#8221;][\/et_pb_image][\/et_pb_column][et_pb_column type=&#8221;1_2&#8243; _builder_version=&#8221;3.0.47&#8243; padding_bottom=&#8221;0px&#8221; padding_left=&#8221;0px&#8221; padding_right=&#8221;0px&#8221; padding_top=&#8221;0px&#8221; parallax=&#8221;off&#8221; parallax_method=&#8221;on&#8221;][et_pb_image src=&#8221;https:\/\/www.elfarodetuciudad.com\/wp-content\/uploads\/2018\/09\/descarga_faro_ciudad.jpg&#8221; url=&#8221;https:\/\/www.elfarodetuciudad.com\/app-de-ofertas\/&#8221; force_fullwidth=&#8221;on&#8221; _builder_version=&#8221;3.7&#8243; custom_margin=&#8221;0px|0px|0px|0px&#8221; custom_padding=&#8221;0px|0px|0px|0px&#8221; animation_style=&#8221;slide&#8221; animation_direction=&#8221;left&#8221;][\/et_pb_image][et_pb_image src=&#8221;https:\/\/www.elfarodetuciudad.com\/wp-content\/uploads\/2018\/09\/anunciate_faro_ciudad1.jpg&#8221; url=&#8221;https:\/\/www.elfarodetuciudad.com\/anunciarse\/&#8221; force_fullwidth=&#8221;on&#8221; _builder_version=&#8221;3.7&#8243; custom_margin=&#8221;0px|0px|0px|0px&#8221; custom_padding=&#8221;0px|0px|0px|0px&#8221; animation_style=&#8221;slide&#8221; animation_direction=&#8221;left&#8221; animation_delay=&#8221;500ms&#8221;][\/et_pb_image][\/et_pb_column][\/et_pb_row][\/et_pb_section][et_pb_section fb_built=&#8221;1&#8243; _builder_version=&#8221;3.0.47&#8243;][et_pb_row _builder_version=&#8221;3.0.48&#8243; background_size=&#8221;initial&#8221; background_position=&#8221;top_left&#8221; background_repeat=&#8221;repeat&#8221;][et_pb_column type=&#8221;4_4&#8243; _builder_version=&#8221;3.0.47&#8243; parallax=&#8221;off&#8221; parallax_method=&#8221;on&#8221;][et_pb_text _builder_version=&#8221;3.7&#8243;]<\/p>\n<h2 style=\"text-align: center;\">\u00daLTIMAMENTE EN EL FARO<\/h2>\n<p>[\/et_pb_text][et_pb_blog fullwidth=&#8221;off&#8221; posts_number=&#8221;3&#8243; meta_date=&#8221;j\/M\/Y&#8221; show_author=&#8221;off&#8221; show_date=&#8221;off&#8221; show_categories=&#8221;off&#8221; show_pagination=&#8221;off&#8221; _builder_version=&#8221;3.7&#8243; header_text_align=&#8221;left&#8221; body_text_align=&#8221;left&#8221; text_orientation=&#8221;left&#8221;][\/et_pb_blog][\/et_pb_column][\/et_pb_row][\/et_pb_section][et_pb_section fb_built=&#8221;1&#8243; _builder_version=&#8221;3.7&#8243; background_image=&#8221;https:\/\/www.elfarodetuciudad.com\/wp-content\/uploads\/2019\/01\/back_faro_02.jpg&#8221; parallax=&#8221;on&#8221;][et_pb_row use_custom_width=&#8221;on&#8221; width_unit=&#8221;off&#8221; custom_width_percent=&#8221;100%&#8221; _builder_version=&#8221;3.7&#8243; module_alignment=&#8221;center&#8221;][et_pb_column type=&#8221;4_4&#8243; _builder_version=&#8221;3.0.47&#8243; parallax=&#8221;off&#8221; parallax_method=&#8221;on&#8221;][et_pb_blurb title=&#8221;FRANQUICIA EL FARO DE TU CIUDAD&#8221; url=&#8221;https:\/\/www.elfarodetuciudad.com\/area-de-afiliados\/&#8221; use_icon=&#8221;on&#8221; font_icon=&#8221;%%277%%&#8221; icon_color=&#8221;#ffffff&#8221; use_circle=&#8221;on&#8221; use_icon_font_size=&#8221;on&#8221; icon_font_size=&#8221;70px&#8221; _builder_version=&#8221;3.7&#8243; header_level=&#8221;h1&#8243; header_font=&#8221;|700|||||||&#8221; header_font_size=&#8221;28&#8243; header_text_shadow_style=&#8221;preset3&#8243; body_font_size=&#8221;21&#8243; body_text_shadow_style=&#8221;preset3&#8243; text_orientation=&#8221;center&#8221; background_layout=&#8221;dark&#8221; text_shadow_style=&#8221;preset3&#8243;]<\/p>\n<p style=\"text-align: center;\">\u00bfQuieres ser tu propio jefe? \u00bfSientes que es el momento de tomar las riendas de tu trabajo? No lo dudes, te ofrecemos precisamente esto.<\/p>\n<p>&nbsp;<\/p>\n<h2 style=\"text-align: center;\"><span style=\"color: #99cc00;\"><strong><a style=\"color: #99cc00;\" href=\"https:\/\/www.elfarodetuciudad.com\/area-de-afiliados\/\">\u00a1Franqu\u00edciate!<\/a><\/strong><\/span><\/h2>\n<p>[\/et_pb_blurb][\/et_pb_column][\/et_pb_row][\/et_pb_section][et_pb_section fb_built=&#8221;1&#8243; _builder_version=&#8221;3.0.47&#8243;][et_pb_row _builder_version=&#8221;3.0.48&#8243; background_size=&#8221;initial&#8221; background_position=&#8221;top_left&#8221; background_repeat=&#8221;repeat&#8221;][et_pb_column type=&#8221;4_4&#8243; _builder_version=&#8221;3.0.47&#8243; parallax=&#8221;off&#8221; parallax_method=&#8221;on&#8221;][et_pb_image src=&#8221;https:\/\/www.elfarodetuciudad.com\/wp-content\/uploads\/2020\/01\/Ciudades_el_faro_2.jpg&#8221; align=&#8221;center&#8221; _builder_version=&#8221;3.7&#8243;][\/et_pb_image][\/et_pb_column][\/et_pb_row][\/et_pb_section][et_pb_section fb_built=&#8221;1&#8243; _builder_version=&#8221;3.7&#8243; background_image=&#8221;https:\/\/www.elfarodetuciudad.com\/wp-content\/uploads\/2019\/01\/back_faro_01.jpg&#8221; parallax=&#8221;on&#8221;][et_pb_row use_custom_width=&#8221;on&#8221; width_unit=&#8221;off&#8221; custom_width_percent=&#8221;100%&#8221; _builder_version=&#8221;3.7&#8243; module_alignment=&#8221;center&#8221;][et_pb_column type=&#8221;4_4&#8243; _builder_version=&#8221;3.0.47&#8243; parallax=&#8221;off&#8221; parallax_method=&#8221;on&#8221;][et_pb_blurb title=&#8221;DESCARGA TU APP DE OFERTAS&#8221; url=&#8221;https:\/\/www.elfarodetuciudad.com\/app-de-ofertas\/&#8221; use_icon=&#8221;on&#8221; font_icon=&#8221;%%104%%&#8221; icon_color=&#8221;#ffffff&#8221; use_circle=&#8221;on&#8221; use_icon_font_size=&#8221;on&#8221; icon_font_size=&#8221;70px&#8221; _builder_version=&#8221;3.7&#8243; header_level=&#8221;h1&#8243; header_font=&#8221;|700|||||||&#8221; header_font_size=&#8221;28&#8243; header_text_shadow_style=&#8221;preset3&#8243; body_font_size=&#8221;21&#8243; body_text_shadow_style=&#8221;preset3&#8243; text_orientation=&#8221;center&#8221; background_layout=&#8221;dark&#8221; text_shadow_style=&#8221;preset3&#8243;]<\/p>\n<p style=\"text-align: center;\">Convi\u00e9rtete en un aut\u00e9ntico farero cazando las mejores ofertas de tu ciudad. Con nuestra APP obtienes descuentos exclusivos para fareros, puedes seguir los negocios que m\u00e1s te gustan, conseguir ofertas especiales para seguidores, participar en sorteos&#8230;<\/p>\n<p>&nbsp;<\/p>\n<h2 style=\"text-align: center;\"><span style=\"color: #99cc00;\"><strong><a style=\"color: #99cc00;\" href=\"https:\/\/www.elfarodetuciudad.com\/app-de-ofertas\/\">\u00a1Descarga la APP ya!<\/a><\/strong><\/span><\/h2>\n<p>[\/et_pb_blurb][\/et_pb_column][\/et_pb_row][\/et_pb_section][et_pb_section fb_built=&#8221;1&#8243; _builder_version=&#8221;3.0.47&#8243;][et_pb_row _builder_version=&#8221;3.0.48&#8243; background_size=&#8221;initial&#8221; background_position=&#8221;top_left&#8221; background_repeat=&#8221;repeat&#8221;][et_pb_column type=&#8221;1_3&#8243; _builder_version=&#8221;3.0.47&#8243; parallax=&#8221;off&#8221; parallax_method=&#8221;on&#8221;][et_pb_testimonial author=&#8221;Araceli Acosta&#8221; _builder_version=&#8221;3.7&#8243;]Con el Faro en mi m\u00f3vil consigo ahorros tal y como comentan. Todos los d\u00edas recibo ofertas de comercios, bares, peluquer\u00edas&#8230; Me ayuda a ahorrar, la verdad.<br \/>\n[\/et_pb_testimonial][\/et_pb_column][et_pb_column type=&#8221;1_3&#8243; _builder_version=&#8221;3.0.47&#8243; parallax=&#8221;off&#8221; parallax_method=&#8221;on&#8221;][et_pb_testimonial author=&#8221;Mar\u00eda Jos\u00e9 P\u00e9rez&#8221; job_title=&#8221;Esteticista&#8221; company_name=&#8221;G\u00e9minis, peluquer\u00eda y est\u00e9tica&#8221; _builder_version=&#8221;3.7&#8243;]Quer\u00edamos captar la atenci\u00f3n de nueva clientela especialmente joven. Apostamos por aparecer en El Faro de tu Ciudad en Huelva y conseguimos nuestro objetivo.<br \/>\n[\/et_pb_testimonial][\/et_pb_column][et_pb_column type=&#8221;1_3&#8243; _builder_version=&#8221;3.0.47&#8243; parallax=&#8221;off&#8221; parallax_method=&#8221;on&#8221;][et_pb_testimonial author=&#8221;\u00c1lvaro Naranjo&#8221; _builder_version=&#8221;3.7&#8243;]Me gusta estar a la \u00faltima en moda y en estilo. Me gusta salir con mis amigos. Con la APP de El Faro sigo oportunidades para todo eso de forma f\u00e1cil.<br \/>\n[\/et_pb_testimonial][\/et_pb_column][\/et_pb_row][\/et_pb_section][et_pb_section fb_built=&#8221;1&#8243; _builder_version=&#8221;3.7&#8243; background_image=&#8221;https:\/\/www.elfarodetuciudad.com\/wp-content\/uploads\/2019\/01\/back_faro_03.jpg&#8221; parallax=&#8221;on&#8221;][et_pb_row use_custom_width=&#8221;on&#8221; width_unit=&#8221;off&#8221; custom_width_percent=&#8221;100%&#8221; _builder_version=&#8221;3.7&#8243; module_alignment=&#8221;center&#8221;][et_pb_column type=&#8221;4_4&#8243; _builder_version=&#8221;3.0.47&#8243; parallax=&#8221;off&#8221; parallax_method=&#8221;on&#8221;][et_pb_blurb title=&#8221;ANUNCIA TU NEGOCIO&#8221; url=&#8221;https:\/\/www.elfarodetuciudad.com\/anunciarse\/&#8221; use_icon=&#8221;on&#8221; font_icon=&#8221;%%249%%&#8221; icon_color=&#8221;#ffffff&#8221; use_circle=&#8221;on&#8221; use_icon_font_size=&#8221;on&#8221; icon_font_size=&#8221;70px&#8221; _builder_version=&#8221;3.7&#8243; header_level=&#8221;h1&#8243; header_font=&#8221;|700|||||||&#8221; header_font_size=&#8221;28&#8243; header_text_shadow_style=&#8221;preset3&#8243; body_font_size=&#8221;21&#8243; body_text_shadow_style=&#8221;preset3&#8243; text_orientation=&#8221;center&#8221; background_layout=&#8221;dark&#8221; text_shadow_style=&#8221;preset3&#8243;]<\/p>\n<p style=\"text-align: center;\">Tu negocio puede iniciar una estrategia de marketing digital, movil marketing, con nuestros planes para empresas y profesionales. Nuestra APP ofrece m\u00faltiples soluciones para anunciar tu negocio y aumentar tus ventas.<\/p>\n<p>&nbsp;<\/p>\n<h2 style=\"text-align: center;\"><span style=\"color: #99cc00;\"><strong><a style=\"color: #99cc00;\" href=\"https:\/\/www.elfarodetuciudad.com\/anunciarse\/\">\u00a1Conoce nuestros planes y an\u00fanciate!<\/a><\/strong><\/span><\/h2>\n<p>[\/et_pb_blurb][\/et_pb_column][\/et_pb_row][\/et_pb_section]<\/p>\n<span class=\"et_bloom_bottom_trigger\"><\/span>","protected":false},"excerpt":{"rendered":"<p>[et_pb_section fb_built=&#8221;1&#8243; _builder_version=&#8221;3.7&#8243; custom_margin=&#8221;0px|0px|0px|0px&#8221; custom_padding=&#8221;0px|0px|0px|0px&#8221;][et_pb_row make_fullwidth=&#8221;on&#8221; use_custom_gutter=&#8221;on&#8221; gutter_width=&#8221;1&#8243; custom_padding=&#8221;0px|0px|0px|0px&#8221; custom_margin=&#8221;0px|0px|0px|0px&#8221; padding_top_1=&#8221;0px&#8221; padding_top_2=&#8221;0px&#8221; padding_right_1=&#8221;0px&#8221; padding_right_2=&#8221;0px&#8221; padding_bottom_1=&#8221;0px&#8221; padding_bottom_2=&#8221;0px&#8221; padding_left_1=&#8221;0px&#8221; padding_left_2=&#8221;0px&#8221; _builder_version=&#8221;3.7&#8243;][et_pb_column type=&#8221;1_2&#8243; _builder_version=&#8221;3.0.47&#8243; padding_bottom=&#8221;0px&#8221; padding_left=&#8221;0px&#8221; padding_right=&#8221;0px&#8221; padding_top=&#8221;0px&#8221; parallax=&#8221;off&#8221; parallax_method=&#8221;on&#8221;][et_pb_image src=&#8221;https:\/\/www.elfarodetuciudad.com\/wp-content\/uploads\/2018\/09\/fraquicia_faro_ciudad-1.jpg&#8221; url=&#8221;https:\/\/www.elfarodetuciudad.com\/area-de-afiliados\/&#8221; force_fullwidth=&#8221;on&#8221; _builder_version=&#8221;3.7&#8243; custom_margin=&#8221;0px|0px|0px|0px&#8221; custom_padding=&#8221;0px|0px|0px|0px&#8221; animation_style=&#8221;slide&#8221; animation_direction=&#8221;right&#8221;][\/et_pb_image][\/et_pb_column][et_pb_column type=&#8221;1_2&#8243; _builder_version=&#8221;3.0.47&#8243; padding_bottom=&#8221;0px&#8221; padding_left=&#8221;0px&#8221; padding_right=&#8221;0px&#8221; padding_top=&#8221;0px&#8221; parallax=&#8221;off&#8221; parallax_method=&#8221;on&#8221;][et_pb_image src=&#8221;https:\/\/www.elfarodetuciudad.com\/wp-content\/uploads\/2018\/09\/descarga_faro_ciudad.jpg&#8221; url=&#8221;https:\/\/www.elfarodetuciudad.com\/app-de-ofertas\/&#8221; force_fullwidth=&#8221;on&#8221; _builder_version=&#8221;3.7&#8243; custom_margin=&#8221;0px|0px|0px|0px&#8221; custom_padding=&#8221;0px|0px|0px|0px&#8221; animation_style=&#8221;slide&#8221; animation_direction=&#8221;left&#8221;][\/et_pb_image][et_pb_image src=&#8221;https:\/\/www.elfarodetuciudad.com\/wp-content\/uploads\/2018\/09\/anunciate_faro_ciudad1.jpg&#8221; url=&#8221;https:\/\/www.elfarodetuciudad.com\/anunciarse\/&#8221; force_fullwidth=&#8221;on&#8221; _builder_version=&#8221;3.7&#8243; [&hellip;]<\/p>\n","protected":false},"author":1,"featured_media":0,"parent":0,"menu_order":1,"comment_status":"closed","ping_status":"closed","template":"","meta":{"footnotes":""},"class_list":["post-42","page","type-page","status-publish","hentry"],"yoast_head":"<!-- This site is optimized with the Yoast SEO plugin v22.3 - https:\/\/yoast.com\/wordpress\/plugins\/seo\/ -->\n<title>Inicio - El Faro De Tu Ciudad<\/title>\n<meta name=\"robots\" content=\"index, follow, max-snippet:-1, max-image-preview:large, max-video-preview:-1\" \/>\n<link rel=\"canonical\" href=\"https:\/\/www.elfarodetuciudad.com\/\" \/>\n<meta property=\"og:locale\" content=\"es_ES\" \/>\n<meta property=\"og:type\" content=\"article\" \/>\n<meta property=\"og:title\" content=\"Inicio - El Faro De Tu Ciudad\" \/>\n<meta property=\"og:description\" content=\"[et_pb_section fb_built=&#8221;1&#8243; _builder_version=&#8221;3.7&#8243; custom_margin=&#8221;0px|0px|0px|0px&#8221; custom_padding=&#8221;0px|0px|0px|0px&#8221;][et_pb_row make_fullwidth=&#8221;on&#8221; use_custom_gutter=&#8221;on&#8221; gutter_width=&#8221;1&#8243; custom_padding=&#8221;0px|0px|0px|0px&#8221; custom_margin=&#8221;0px|0px|0px|0px&#8221; padding_top_1=&#8221;0px&#8221; padding_top_2=&#8221;0px&#8221; padding_right_1=&#8221;0px&#8221; padding_right_2=&#8221;0px&#8221; padding_bottom_1=&#8221;0px&#8221; padding_bottom_2=&#8221;0px&#8221; padding_left_1=&#8221;0px&#8221; padding_left_2=&#8221;0px&#8221; _builder_version=&#8221;3.7&#8243;][et_pb_column type=&#8221;1_2&#8243; _builder_version=&#8221;3.0.47&#8243; padding_bottom=&#8221;0px&#8221; padding_left=&#8221;0px&#8221; padding_right=&#8221;0px&#8221; padding_top=&#8221;0px&#8221; parallax=&#8221;off&#8221; parallax_method=&#8221;on&#8221;][et_pb_image src=&#8221;https:\/\/www.elfarodetuciudad.com\/wp-content\/uploads\/2018\/09\/fraquicia_faro_ciudad-1.jpg&#8221; url=&#8221;https:\/\/www.elfarodetuciudad.com\/area-de-afiliados\/&#8221; force_fullwidth=&#8221;on&#8221; _builder_version=&#8221;3.7&#8243; custom_margin=&#8221;0px|0px|0px|0px&#8221; custom_padding=&#8221;0px|0px|0px|0px&#8221; animation_style=&#8221;slide&#8221; animation_direction=&#8221;right&#8221;][\/et_pb_image][\/et_pb_column][et_pb_column type=&#8221;1_2&#8243; _builder_version=&#8221;3.0.47&#8243; padding_bottom=&#8221;0px&#8221; padding_left=&#8221;0px&#8221; padding_right=&#8221;0px&#8221; padding_top=&#8221;0px&#8221; parallax=&#8221;off&#8221; parallax_method=&#8221;on&#8221;][et_pb_image src=&#8221;https:\/\/www.elfarodetuciudad.com\/wp-content\/uploads\/2018\/09\/descarga_faro_ciudad.jpg&#8221; url=&#8221;https:\/\/www.elfarodetuciudad.com\/app-de-ofertas\/&#8221; force_fullwidth=&#8221;on&#8221; _builder_version=&#8221;3.7&#8243; custom_margin=&#8221;0px|0px|0px|0px&#8221; custom_padding=&#8221;0px|0px|0px|0px&#8221; animation_style=&#8221;slide&#8221; animation_direction=&#8221;left&#8221;][\/et_pb_image][et_pb_image src=&#8221;https:\/\/www.elfarodetuciudad.com\/wp-content\/uploads\/2018\/09\/anunciate_faro_ciudad1.jpg&#8221; url=&#8221;https:\/\/www.elfarodetuciudad.com\/anunciarse\/&#8221; force_fullwidth=&#8221;on&#8221; _builder_version=&#8221;3.7&#8243; [&hellip;]\" \/>\n<meta property=\"og:url\" content=\"https:\/\/www.elfarodetuciudad.com\/\" \/>\n<meta property=\"og:site_name\" content=\"El Faro De Tu Ciudad\" \/>\n<meta property=\"article:publisher\" content=\"https:\/\/es-es.facebook.com\/ElFaroDeTuCiudad\/\" \/>\n<meta property=\"article:modified_time\" content=\"2020-01-21T09:36:33+00:00\" \/>\n<meta name=\"twitter:card\" content=\"summary_large_image\" \/>\n<meta name=\"twitter:site\" content=\"@elfarodetuciuda\" \/>\n<meta name=\"twitter:label1\" content=\"Tiempo de lectura\" \/>\n\t<meta name=\"twitter:data1\" content=\"6 minutos\" \/>\n<script type=\"application\/ld+json\" class=\"yoast-schema-graph\">{\"@context\":\"https:\/\/schema.org\",\"@graph\":[{\"@type\":\"WebPage\",\"@id\":\"https:\/\/www.elfarodetuciudad.com\/\",\"url\":\"https:\/\/www.elfarodetuciudad.com\/\",\"name\":\"Inicio - El Faro De Tu Ciudad\",\"isPartOf\":{\"@id\":\"https:\/\/www.elfarodetuciudad.com\/#website\"},\"datePublished\":\"2015-05-08T14:52:40+00:00\",\"dateModified\":\"2020-01-21T09:36:33+00:00\",\"breadcrumb\":{\"@id\":\"https:\/\/www.elfarodetuciudad.com\/#breadcrumb\"},\"inLanguage\":\"es\",\"potentialAction\":[{\"@type\":\"ReadAction\",\"target\":[\"https:\/\/www.elfarodetuciudad.com\/\"]}]},{\"@type\":\"BreadcrumbList\",\"@id\":\"https:\/\/www.elfarodetuciudad.com\/#breadcrumb\",\"itemListElement\":[{\"@type\":\"ListItem\",\"position\":1,\"name\":\"Portada\",\"item\":\"https:\/\/www.elfarodetuciudad.com\/\"},{\"@type\":\"ListItem\",\"position\":2,\"name\":\"Inicio\"}]},{\"@type\":\"WebSite\",\"@id\":\"https:\/\/www.elfarodetuciudad.com\/#website\",\"url\":\"https:\/\/www.elfarodetuciudad.com\/\",\"name\":\"El Faro De Tu Ciudad\",\"description\":\"Aplicaci&oacute;n m&oacute;vil para fidelizar y ganar clientes\",\"publisher\":{\"@id\":\"https:\/\/www.elfarodetuciudad.com\/#organization\"},\"potentialAction\":[{\"@type\":\"SearchAction\",\"target\":{\"@type\":\"EntryPoint\",\"urlTemplate\":\"https:\/\/www.elfarodetuciudad.com\/?s={search_term_string}\"},\"query-input\":\"required name=search_term_string\"}],\"inLanguage\":\"es\"},{\"@type\":\"Organization\",\"@id\":\"https:\/\/www.elfarodetuciudad.com\/#organization\",\"name\":\"El Faro De Tu Ciudad\",\"url\":\"https:\/\/www.elfarodetuciudad.com\/\",\"logo\":{\"@type\":\"ImageObject\",\"inLanguage\":\"es\",\"@id\":\"https:\/\/www.elfarodetuciudad.com\/#\/schema\/logo\/image\/\",\"url\":\"https:\/\/i1.wp.com\/www.elfarodetuciudad.com\/wp-content\/uploads\/2018\/09\/logo_faro_tu_ciudad_1.png?fit=149%2C121&ssl=1\",\"contentUrl\":\"https:\/\/i1.wp.com\/www.elfarodetuciudad.com\/wp-content\/uploads\/2018\/09\/logo_faro_tu_ciudad_1.png?fit=149%2C121&ssl=1\",\"width\":149,\"height\":121,\"caption\":\"El Faro De Tu Ciudad\"},\"image\":{\"@id\":\"https:\/\/www.elfarodetuciudad.com\/#\/schema\/logo\/image\/\"},\"sameAs\":[\"https:\/\/es-es.facebook.com\/ElFaroDeTuCiudad\/\",\"https:\/\/twitter.com\/elfarodetuciuda\",\"https:\/\/www.instagram.com\/elfarodetuciudad\",\"https:\/\/www.linkedin.com\/company\/el-faro-de-tu-ciudad\",\"https:\/\/www.youtube.com\/channel\/UC9KIxQr8s2s2a6OLwNTQOhw\"]}]}<\/script>\n<!-- \/ Yoast SEO plugin. -->","yoast_head_json":{"title":"Inicio - El Faro De Tu Ciudad","robots":{"index":"index","follow":"follow","max-snippet":"max-snippet:-1","max-image-preview":"max-image-preview:large","max-video-preview":"max-video-preview:-1"},"canonical":"https:\/\/www.elfarodetuciudad.com\/","og_locale":"es_ES","og_type":"article","og_title":"Inicio - El Faro De Tu Ciudad","og_description":"[et_pb_section fb_built=&#8221;1&#8243; _builder_version=&#8221;3.7&#8243; custom_margin=&#8221;0px|0px|0px|0px&#8221; custom_padding=&#8221;0px|0px|0px|0px&#8221;][et_pb_row make_fullwidth=&#8221;on&#8221; use_custom_gutter=&#8221;on&#8221; gutter_width=&#8221;1&#8243; custom_padding=&#8221;0px|0px|0px|0px&#8221; custom_margin=&#8221;0px|0px|0px|0px&#8221; padding_top_1=&#8221;0px&#8221; padding_top_2=&#8221;0px&#8221; padding_right_1=&#8221;0px&#8221; padding_right_2=&#8221;0px&#8221; padding_bottom_1=&#8221;0px&#8221; padding_bottom_2=&#8221;0px&#8221; padding_left_1=&#8221;0px&#8221; padding_left_2=&#8221;0px&#8221; _builder_version=&#8221;3.7&#8243;][et_pb_column type=&#8221;1_2&#8243; _builder_version=&#8221;3.0.47&#8243; padding_bottom=&#8221;0px&#8221; padding_left=&#8221;0px&#8221; padding_right=&#8221;0px&#8221; padding_top=&#8221;0px&#8221; parallax=&#8221;off&#8221; parallax_method=&#8221;on&#8221;][et_pb_image src=&#8221;https:\/\/www.elfarodetuciudad.com\/wp-content\/uploads\/2018\/09\/fraquicia_faro_ciudad-1.jpg&#8221; url=&#8221;https:\/\/www.elfarodetuciudad.com\/area-de-afiliados\/&#8221; force_fullwidth=&#8221;on&#8221; _builder_version=&#8221;3.7&#8243; custom_margin=&#8221;0px|0px|0px|0px&#8221; custom_padding=&#8221;0px|0px|0px|0px&#8221; animation_style=&#8221;slide&#8221; animation_direction=&#8221;right&#8221;][\/et_pb_image][\/et_pb_column][et_pb_column type=&#8221;1_2&#8243; _builder_version=&#8221;3.0.47&#8243; padding_bottom=&#8221;0px&#8221; padding_left=&#8221;0px&#8221; padding_right=&#8221;0px&#8221; padding_top=&#8221;0px&#8221; parallax=&#8221;off&#8221; parallax_method=&#8221;on&#8221;][et_pb_image src=&#8221;https:\/\/www.elfarodetuciudad.com\/wp-content\/uploads\/2018\/09\/descarga_faro_ciudad.jpg&#8221; url=&#8221;https:\/\/www.elfarodetuciudad.com\/app-de-ofertas\/&#8221; force_fullwidth=&#8221;on&#8221; _builder_version=&#8221;3.7&#8243; custom_margin=&#8221;0px|0px|0px|0px&#8221; custom_padding=&#8221;0px|0px|0px|0px&#8221; animation_style=&#8221;slide&#8221; animation_direction=&#8221;left&#8221;][\/et_pb_image][et_pb_image src=&#8221;https:\/\/www.elfarodetuciudad.com\/wp-content\/uploads\/2018\/09\/anunciate_faro_ciudad1.jpg&#8221; url=&#8221;https:\/\/www.elfarodetuciudad.com\/anunciarse\/&#8221; force_fullwidth=&#8221;on&#8221; _builder_version=&#8221;3.7&#8243; [&hellip;]","og_url":"https:\/\/www.elfarodetuciudad.com\/","og_site_name":"El Faro De Tu Ciudad","article_publisher":"https:\/\/es-es.facebook.com\/ElFaroDeTuCiudad\/","article_modified_time":"2020-01-21T09:36:33+00:00","twitter_card":"summary_large_image","twitter_site":"@elfarodetuciuda","twitter_misc":{"Tiempo de lectura":"6 minutos"},"schema":{"@context":"https:\/\/schema.org","@graph":[{"@type":"WebPage","@id":"https:\/\/www.elfarodetuciudad.com\/","url":"https:\/\/www.elfarodetuciudad.com\/","name":"Inicio - El Faro De Tu Ciudad","isPartOf":{"@id":"https:\/\/www.elfarodetuciudad.com\/#website"},"datePublished":"2015-05-08T14:52:40+00:00","dateModified":"2020-01-21T09:36:33+00:00","breadcrumb":{"@id":"https:\/\/www.elfarodetuciudad.com\/#breadcrumb"},"inLanguage":"es","potentialAction":[{"@type":"ReadAction","target":["https:\/\/www.elfarodetuciudad.com\/"]}]},{"@type":"BreadcrumbList","@id":"https:\/\/www.elfarodetuciudad.com\/#breadcrumb","itemListElement":[{"@type":"ListItem","position":1,"name":"Portada","item":"https:\/\/www.elfarodetuciudad.com\/"},{"@type":"ListItem","position":2,"name":"Inicio"}]},{"@type":"WebSite","@id":"https:\/\/www.elfarodetuciudad.com\/#website","url":"https:\/\/www.elfarodetuciudad.com\/","name":"El Faro De Tu Ciudad","description":"Aplicaci&oacute;n m&oacute;vil para fidelizar y ganar clientes","publisher":{"@id":"https:\/\/www.elfarodetuciudad.com\/#organization"},"potentialAction":[{"@type":"SearchAction","target":{"@type":"EntryPoint","urlTemplate":"https:\/\/www.elfarodetuciudad.com\/?s={search_term_string}"},"query-input":"required name=search_term_string"}],"inLanguage":"es"},{"@type":"Organization","@id":"https:\/\/www.elfarodetuciudad.com\/#organization","name":"El Faro De Tu Ciudad","url":"https:\/\/www.elfarodetuciudad.com\/","logo":{"@type":"ImageObject","inLanguage":"es","@id":"https:\/\/www.elfarodetuciudad.com\/#\/schema\/logo\/image\/","url":"https:\/\/i1.wp.com\/www.elfarodetuciudad.com\/wp-content\/uploads\/2018\/09\/logo_faro_tu_ciudad_1.png?fit=149%2C121&ssl=1","contentUrl":"https:\/\/i1.wp.com\/www.elfarodetuciudad.com\/wp-content\/uploads\/2018\/09\/logo_faro_tu_ciudad_1.png?fit=149%2C121&ssl=1","width":149,"height":121,"caption":"El Faro De Tu Ciudad"},"image":{"@id":"https:\/\/www.elfarodetuciudad.com\/#\/schema\/logo\/image\/"},"sameAs":["https:\/\/es-es.facebook.com\/ElFaroDeTuCiudad\/","https:\/\/twitter.com\/elfarodetuciuda","https:\/\/www.instagram.com\/elfarodetuciudad","https:\/\/www.linkedin.com\/company\/el-faro-de-tu-ciudad","https:\/\/www.youtube.com\/channel\/UC9KIxQr8s2s2a6OLwNTQOhw"]}]}},"_links":{"self":[{"href":"https:\/\/www.elfarodetuciudad.com\/index.php?rest_route=\/wp\/v2\/pages\/42","targetHints":{"allow":["GET"]}}],"collection":[{"href":"https:\/\/www.elfarodetuciudad.com\/index.php?rest_route=\/wp\/v2\/pages"}],"about":[{"href":"https:\/\/www.elfarodetuciudad.com\/index.php?rest_route=\/wp\/v2\/types\/page"}],"author":[{"embeddable":true,"href":"https:\/\/www.elfarodetuciudad.com\/index.php?rest_route=\/wp\/v2\/users\/1"}],"replies":[{"embeddable":true,"href":"https:\/\/www.elfarodetuciudad.com\/index.php?rest_route=%2Fwp%2Fv2%2Fcomments&post=42"}],"version-history":[{"count":208,"href":"https:\/\/www.elfarodetuciudad.com\/index.php?rest_route=\/wp\/v2\/pages\/42\/revisions"}],"predecessor-version":[{"id":395,"href":"https:\/\/www.elfarodetuciudad.com\/index.php?rest_route=\/wp\/v2\/pages\/42\/revisions\/395"}],"wp:attachment":[{"href":"https:\/\/www.elfarodetuciudad.com\/index.php?rest_route=%2Fwp%2Fv2%2Fmedia&parent=42"}],"curies":[{"name":"wp","href":"https:\/\/api.w.org\/{rel}","templated":true}]}}