{"id":1311,"date":"2018-11-28T19:44:51","date_gmt":"2018-11-28T19:44:51","guid":{"rendered":"https:\/\/www.elfarodetuciudad.com\/?post_type=product&#038;p=1311"},"modified":"2020-07-29T11:59:07","modified_gmt":"2020-07-29T10:59:07","slug":"suscripcion-premium-1-ano-en-el-faro-de-tu-ciudad","status":"publish","type":"product","link":"https:\/\/www.elfarodetuciudad.com\/?product=suscripcion-premium-1-ano-en-el-faro-de-tu-ciudad","title":{"rendered":"Suscripci\u00f3n Premium 1 a\u00f1o en El Faro De Tu Ciudad"},"content":{"rendered":"<p><strong>Suscripci\u00f3n Premium 1 a\u00f1o en El Faro De Tu Ciudad<\/strong><\/p>\n<p>Incluye:<\/p>\n<ul>\n<li>Acceso al panel de Control<\/li>\n<li>Destacados en color AZUL en el mapa de negocios<\/li>\n<li>Inclusi\u00f3n despu\u00e9s de los Premium Plus en el carrusel de portada de su localidad<\/li>\n<li>Inclusi\u00f3n despu\u00e9s de los Premium Plus en el listado de negocios de su localidad<\/li>\n<li>Puede crear cupones de sellos<\/li>\n<li>Pueden organizar sorteos en la APP<\/li>\n<li>Pueden difundir noticias u ofertas a trav\u00e9s de las redes Sociales de la APP<\/li>\n<li>Notificaciones Push locales sin acceso directo a ficha de su negocio en la APP<\/li>\n<li>Coste por punto otorgado a un usuario: 0,03\u20ac<\/li>\n<li>Los comercios ganan 0,10\u20ac por cada 100 puntos canjeados por usuarios referidos<\/li>\n<\/ul>\n<span class=\"et_bloom_bottom_trigger\"><\/span>","protected":false},"excerpt":{"rendered":"<p style=\"text-align: center;\">\u00bfSABES LOS MILES DE EUROS QUE SE GASTAN LAS GRANDES EMPRESAS EN PONER EN MARCHA SUS PROGRAMAS DE FIDELIZACION POR PUNTOS?<\/p>\n<p style=\"text-align: center;\">TU TAMBIEN PUEDES TENER EL TUYO Y MUTIPLICAR TUA VENTAS.<\/p>\n<p style=\"text-align: center;\">Incrementa tus ventas y premia a tus clientes regalando PUNTOS por las compras en tu establecimiento.<\/p>\n<p style=\"text-align: center;\">El Programa de Fidelizaci\u00f3n por puntos El Faro De Tu Ciudad te va a ayudar a conseguir, retener y fidelizar a tus clientes.<\/p>\n<p style=\"text-align: center;\">Al consumir en tu negocio tus clientes ganaran puntos que podr\u00e1n canjear por regalos, viajes y experiencias.<\/p>\n<p style=\"text-align: center;\">\u00bfD\u00f3nde van a consumir tus clientes ahora?<\/p>\n<p style=\"text-align: center;\">\u00bfD\u00f3nde ganan puntos canjeables por regalos o donde no se los dan?<\/p>\n<p style=\"text-align: center;\">ESCALA TU NEGOCIO A UN NUEVO NIVEL<\/p>\n<p style=\"text-align: center;\">Enamorar a tus clientes\u2026 \u00a1EST\u00c1 EN TUS MANOS!<\/p>\n","protected":false},"featured_media":1534,"template":"","meta":[],"product_cat":[39],"product_tag":[42],"class_list":{"0":"post-1311","1":"product","2":"type-product","3":"status-publish","4":"has-post-thumbnail","6":"product_cat-suscripcion-en-la-app-el-faro-de-tu-ciudad","7":"product_tag-publicidad","9":"first","10":"instock","11":"virtual","12":"sold-individually","13":"taxable","14":"purchasable","15":"product-type-simple"},"yoast_head":"<!-- This site is optimized with the Yoast SEO plugin v22.3 - https:\/\/yoast.com\/wordpress\/plugins\/seo\/ -->\n<title>Suscripci\u00f3n Premium 1 a\u00f1o en El Faro De Tu Ciudad - El Faro De Tu Ciudad<\/title>\n<meta name=\"description\" content=\"\u00bfQuieres aumentar tus ventas en tu negocio? utiliza un programa de fidelizaci\u00f3n por puntos como las grandes empresas, dise\u00f1ado para ti. Premia a tus clientes regalandoles puntos canjeables por regalos, viajes y experiencias.\" \/>\n<meta name=\"robots\" content=\"index, follow, max-snippet:-1, max-image-preview:large, max-video-preview:-1\" \/>\n<link rel=\"canonical\" href=\"https:\/\/www.elfarodetuciudad.com\/?product=suscripcion-premium-1-ano-en-el-faro-de-tu-ciudad\" \/>\n<meta property=\"og:locale\" content=\"es_ES\" \/>\n<meta property=\"og:type\" content=\"article\" \/>\n<meta property=\"og:title\" content=\"Suscripci\u00f3n Premium 1 a\u00f1o en El Faro De Tu Ciudad - El Faro De Tu Ciudad\" \/>\n<meta property=\"og:description\" content=\"\u00bfQuieres aumentar tus ventas en tu negocio? utiliza un programa de fidelizaci\u00f3n por puntos como las grandes empresas, dise\u00f1ado para ti. Premia a tus clientes regalandoles puntos canjeables por regalos, viajes y experiencias.\" \/>\n<meta property=\"og:url\" content=\"https:\/\/www.elfarodetuciudad.com\/?product=suscripcion-premium-1-ano-en-el-faro-de-tu-ciudad\" \/>\n<meta property=\"og:site_name\" content=\"El Faro De Tu Ciudad\" \/>\n<meta property=\"article:publisher\" content=\"https:\/\/es-es.facebook.com\/ElFaroDeTuCiudad\/\" \/>\n<meta property=\"article:modified_time\" content=\"2020-07-29T10:59:07+00:00\" \/>\n<meta property=\"og:image\" content=\"https:\/\/i0.wp.com\/www.elfarodetuciudad.com\/wp-content\/uploads\/2018\/11\/caja_suscripcion_2.jpg?fit=713%2C781&ssl=1\" \/>\n\t<meta property=\"og:image:width\" content=\"713\" \/>\n\t<meta property=\"og:image:height\" content=\"781\" \/>\n\t<meta property=\"og:image:type\" content=\"image\/jpeg\" \/>\n<meta name=\"twitter:card\" content=\"summary_large_image\" \/>\n<meta name=\"twitter:site\" content=\"@elfarodetuciuda\" \/>\n<meta name=\"twitter:label1\" content=\"Tiempo de lectura\" \/>\n\t<meta name=\"twitter:data1\" content=\"1 minuto\" \/>\n<script type=\"application\/ld+json\" class=\"yoast-schema-graph\">{\"@context\":\"https:\/\/schema.org\",\"@graph\":[{\"@type\":\"WebPage\",\"@id\":\"https:\/\/www.elfarodetuciudad.com\/?product=suscripcion-premium-1-ano-en-el-faro-de-tu-ciudad\",\"url\":\"https:\/\/www.elfarodetuciudad.com\/?product=suscripcion-premium-1-ano-en-el-faro-de-tu-ciudad\",\"name\":\"Suscripci\u00f3n Premium 1 a\u00f1o en El Faro De Tu Ciudad - El Faro De Tu Ciudad\",\"isPartOf\":{\"@id\":\"https:\/\/www.elfarodetuciudad.com\/#website\"},\"primaryImageOfPage\":{\"@id\":\"https:\/\/www.elfarodetuciudad.com\/?product=suscripcion-premium-1-ano-en-el-faro-de-tu-ciudad#primaryimage\"},\"image\":{\"@id\":\"https:\/\/www.elfarodetuciudad.com\/?product=suscripcion-premium-1-ano-en-el-faro-de-tu-ciudad#primaryimage\"},\"thumbnailUrl\":\"https:\/\/www.elfarodetuciudad.com\/wp-content\/uploads\/2018\/11\/caja_suscripcion_2.jpg\",\"datePublished\":\"2018-11-28T19:44:51+00:00\",\"dateModified\":\"2020-07-29T10:59:07+00:00\",\"description\":\"\u00bfQuieres aumentar tus ventas en tu negocio? utiliza un programa de fidelizaci\u00f3n por puntos como las grandes empresas, dise\u00f1ado para ti. Premia a tus clientes regalandoles puntos canjeables por regalos, viajes y experiencias.\",\"breadcrumb\":{\"@id\":\"https:\/\/www.elfarodetuciudad.com\/?product=suscripcion-premium-1-ano-en-el-faro-de-tu-ciudad#breadcrumb\"},\"inLanguage\":\"es\",\"potentialAction\":[{\"@type\":\"ReadAction\",\"target\":[\"https:\/\/www.elfarodetuciudad.com\/?product=suscripcion-premium-1-ano-en-el-faro-de-tu-ciudad\"]}]},{\"@type\":\"ImageObject\",\"inLanguage\":\"es\",\"@id\":\"https:\/\/www.elfarodetuciudad.com\/?product=suscripcion-premium-1-ano-en-el-faro-de-tu-ciudad#primaryimage\",\"url\":\"https:\/\/www.elfarodetuciudad.com\/wp-content\/uploads\/2018\/11\/caja_suscripcion_2.jpg\",\"contentUrl\":\"https:\/\/www.elfarodetuciudad.com\/wp-content\/uploads\/2018\/11\/caja_suscripcion_2.jpg\",\"width\":713,\"height\":781},{\"@type\":\"BreadcrumbList\",\"@id\":\"https:\/\/www.elfarodetuciudad.com\/?product=suscripcion-premium-1-ano-en-el-faro-de-tu-ciudad#breadcrumb\",\"itemListElement\":[{\"@type\":\"ListItem\",\"position\":1,\"name\":\"Portada\",\"item\":\"https:\/\/www.elfarodetuciudad.com\/\"},{\"@type\":\"ListItem\",\"position\":2,\"name\":\"Tienda\",\"item\":\"https:\/\/www.elfarodetuciudad.com\/?page_id=1146\"},{\"@type\":\"ListItem\",\"position\":3,\"name\":\"Suscripci\u00f3n Premium 1 a\u00f1o en El Faro De Tu Ciudad\"}]},{\"@type\":\"WebSite\",\"@id\":\"https:\/\/www.elfarodetuciudad.com\/#website\",\"url\":\"https:\/\/www.elfarodetuciudad.com\/\",\"name\":\"El Faro De Tu Ciudad\",\"description\":\"Aplicaci&oacute;n m&oacute;vil para fidelizar y ganar clientes\",\"publisher\":{\"@id\":\"https:\/\/www.elfarodetuciudad.com\/#organization\"},\"potentialAction\":[{\"@type\":\"SearchAction\",\"target\":{\"@type\":\"EntryPoint\",\"urlTemplate\":\"https:\/\/www.elfarodetuciudad.com\/?s={search_term_string}\"},\"query-input\":\"required name=search_term_string\"}],\"inLanguage\":\"es\"},{\"@type\":\"Organization\",\"@id\":\"https:\/\/www.elfarodetuciudad.com\/#organization\",\"name\":\"El Faro De Tu Ciudad\",\"url\":\"https:\/\/www.elfarodetuciudad.com\/\",\"logo\":{\"@type\":\"ImageObject\",\"inLanguage\":\"es\",\"@id\":\"https:\/\/www.elfarodetuciudad.com\/#\/schema\/logo\/image\/\",\"url\":\"https:\/\/i1.wp.com\/www.elfarodetuciudad.com\/wp-content\/uploads\/2018\/09\/logo_faro_tu_ciudad_1.png?fit=149%2C121&ssl=1\",\"contentUrl\":\"https:\/\/i1.wp.com\/www.elfarodetuciudad.com\/wp-content\/uploads\/2018\/09\/logo_faro_tu_ciudad_1.png?fit=149%2C121&ssl=1\",\"width\":149,\"height\":121,\"caption\":\"El Faro De Tu Ciudad\"},\"image\":{\"@id\":\"https:\/\/www.elfarodetuciudad.com\/#\/schema\/logo\/image\/\"},\"sameAs\":[\"https:\/\/es-es.facebook.com\/ElFaroDeTuCiudad\/\",\"https:\/\/twitter.com\/elfarodetuciuda\",\"https:\/\/www.instagram.com\/elfarodetuciudad\",\"https:\/\/www.linkedin.com\/company\/el-faro-de-tu-ciudad\",\"https:\/\/www.youtube.com\/channel\/UC9KIxQr8s2s2a6OLwNTQOhw\"]}]}<\/script>\n<!-- \/ Yoast SEO plugin. -->","yoast_head_json":{"title":"Suscripci\u00f3n Premium 1 a\u00f1o en El Faro De Tu Ciudad - El Faro De Tu Ciudad","description":"\u00bfQuieres aumentar tus ventas en tu negocio? utiliza un programa de fidelizaci\u00f3n por puntos como las grandes empresas, dise\u00f1ado para ti. Premia a tus clientes regalandoles puntos canjeables por regalos, viajes y experiencias.","robots":{"index":"index","follow":"follow","max-snippet":"max-snippet:-1","max-image-preview":"max-image-preview:large","max-video-preview":"max-video-preview:-1"},"canonical":"https:\/\/www.elfarodetuciudad.com\/?product=suscripcion-premium-1-ano-en-el-faro-de-tu-ciudad","og_locale":"es_ES","og_type":"article","og_title":"Suscripci\u00f3n Premium 1 a\u00f1o en El Faro De Tu Ciudad - El Faro De Tu Ciudad","og_description":"\u00bfQuieres aumentar tus ventas en tu negocio? utiliza un programa de fidelizaci\u00f3n por puntos como las grandes empresas, dise\u00f1ado para ti. Premia a tus clientes regalandoles puntos canjeables por regalos, viajes y experiencias.","og_url":"https:\/\/www.elfarodetuciudad.com\/?product=suscripcion-premium-1-ano-en-el-faro-de-tu-ciudad","og_site_name":"El Faro De Tu Ciudad","article_publisher":"https:\/\/es-es.facebook.com\/ElFaroDeTuCiudad\/","article_modified_time":"2020-07-29T10:59:07+00:00","og_image":[{"width":713,"height":781,"url":"https:\/\/i0.wp.com\/www.elfarodetuciudad.com\/wp-content\/uploads\/2018\/11\/caja_suscripcion_2.jpg?fit=713%2C781&ssl=1","type":"image\/jpeg"}],"twitter_card":"summary_large_image","twitter_site":"@elfarodetuciuda","twitter_misc":{"Tiempo de lectura":"1 minuto"},"schema":{"@context":"https:\/\/schema.org","@graph":[{"@type":"WebPage","@id":"https:\/\/www.elfarodetuciudad.com\/?product=suscripcion-premium-1-ano-en-el-faro-de-tu-ciudad","url":"https:\/\/www.elfarodetuciudad.com\/?product=suscripcion-premium-1-ano-en-el-faro-de-tu-ciudad","name":"Suscripci\u00f3n Premium 1 a\u00f1o en El Faro De Tu Ciudad - El Faro De Tu Ciudad","isPartOf":{"@id":"https:\/\/www.elfarodetuciudad.com\/#website"},"primaryImageOfPage":{"@id":"https:\/\/www.elfarodetuciudad.com\/?product=suscripcion-premium-1-ano-en-el-faro-de-tu-ciudad#primaryimage"},"image":{"@id":"https:\/\/www.elfarodetuciudad.com\/?product=suscripcion-premium-1-ano-en-el-faro-de-tu-ciudad#primaryimage"},"thumbnailUrl":"https:\/\/www.elfarodetuciudad.com\/wp-content\/uploads\/2018\/11\/caja_suscripcion_2.jpg","datePublished":"2018-11-28T19:44:51+00:00","dateModified":"2020-07-29T10:59:07+00:00","description":"\u00bfQuieres aumentar tus ventas en tu negocio? utiliza un programa de fidelizaci\u00f3n por puntos como las grandes empresas, dise\u00f1ado para ti. Premia a tus clientes regalandoles puntos canjeables por regalos, viajes y experiencias.","breadcrumb":{"@id":"https:\/\/www.elfarodetuciudad.com\/?product=suscripcion-premium-1-ano-en-el-faro-de-tu-ciudad#breadcrumb"},"inLanguage":"es","potentialAction":[{"@type":"ReadAction","target":["https:\/\/www.elfarodetuciudad.com\/?product=suscripcion-premium-1-ano-en-el-faro-de-tu-ciudad"]}]},{"@type":"ImageObject","inLanguage":"es","@id":"https:\/\/www.elfarodetuciudad.com\/?product=suscripcion-premium-1-ano-en-el-faro-de-tu-ciudad#primaryimage","url":"https:\/\/www.elfarodetuciudad.com\/wp-content\/uploads\/2018\/11\/caja_suscripcion_2.jpg","contentUrl":"https:\/\/www.elfarodetuciudad.com\/wp-content\/uploads\/2018\/11\/caja_suscripcion_2.jpg","width":713,"height":781},{"@type":"BreadcrumbList","@id":"https:\/\/www.elfarodetuciudad.com\/?product=suscripcion-premium-1-ano-en-el-faro-de-tu-ciudad#breadcrumb","itemListElement":[{"@type":"ListItem","position":1,"name":"Portada","item":"https:\/\/www.elfarodetuciudad.com\/"},{"@type":"ListItem","position":2,"name":"Tienda","item":"https:\/\/www.elfarodetuciudad.com\/?page_id=1146"},{"@type":"ListItem","position":3,"name":"Suscripci\u00f3n Premium 1 a\u00f1o en El Faro De Tu Ciudad"}]},{"@type":"WebSite","@id":"https:\/\/www.elfarodetuciudad.com\/#website","url":"https:\/\/www.elfarodetuciudad.com\/","name":"El Faro De Tu Ciudad","description":"Aplicaci&oacute;n m&oacute;vil para fidelizar y ganar clientes","publisher":{"@id":"https:\/\/www.elfarodetuciudad.com\/#organization"},"potentialAction":[{"@type":"SearchAction","target":{"@type":"EntryPoint","urlTemplate":"https:\/\/www.elfarodetuciudad.com\/?s={search_term_string}"},"query-input":"required name=search_term_string"}],"inLanguage":"es"},{"@type":"Organization","@id":"https:\/\/www.elfarodetuciudad.com\/#organization","name":"El Faro De Tu Ciudad","url":"https:\/\/www.elfarodetuciudad.com\/","logo":{"@type":"ImageObject","inLanguage":"es","@id":"https:\/\/www.elfarodetuciudad.com\/#\/schema\/logo\/image\/","url":"https:\/\/i1.wp.com\/www.elfarodetuciudad.com\/wp-content\/uploads\/2018\/09\/logo_faro_tu_ciudad_1.png?fit=149%2C121&ssl=1","contentUrl":"https:\/\/i1.wp.com\/www.elfarodetuciudad.com\/wp-content\/uploads\/2018\/09\/logo_faro_tu_ciudad_1.png?fit=149%2C121&ssl=1","width":149,"height":121,"caption":"El Faro De Tu Ciudad"},"image":{"@id":"https:\/\/www.elfarodetuciudad.com\/#\/schema\/logo\/image\/"},"sameAs":["https:\/\/es-es.facebook.com\/ElFaroDeTuCiudad\/","https:\/\/twitter.com\/elfarodetuciuda","https:\/\/www.instagram.com\/elfarodetuciudad","https:\/\/www.linkedin.com\/company\/el-faro-de-tu-ciudad","https:\/\/www.youtube.com\/channel\/UC9KIxQr8s2s2a6OLwNTQOhw"]}]}},"_links":{"self":[{"href":"https:\/\/www.elfarodetuciudad.com\/index.php?rest_route=\/wp\/v2\/product\/1311","targetHints":{"allow":["GET"]}}],"collection":[{"href":"https:\/\/www.elfarodetuciudad.com\/index.php?rest_route=\/wp\/v2\/product"}],"about":[{"href":"https:\/\/www.elfarodetuciudad.com\/index.php?rest_route=\/wp\/v2\/types\/product"}],"wp:featuredmedia":[{"embeddable":true,"href":"https:\/\/www.elfarodetuciudad.com\/index.php?rest_route=\/wp\/v2\/media\/1534"}],"wp:attachment":[{"href":"https:\/\/www.elfarodetuciudad.com\/index.php?rest_route=%2Fwp%2Fv2%2Fmedia&parent=1311"}],"wp:term":[{"taxonomy":"product_cat","embeddable":true,"href":"https:\/\/www.elfarodetuciudad.com\/index.php?rest_route=%2Fwp%2Fv2%2Fproduct_cat&post=1311"},{"taxonomy":"product_tag","embeddable":true,"href":"https:\/\/www.elfarodetuciudad.com\/index.php?rest_route=%2Fwp%2Fv2%2Fproduct_tag&post=1311"}],"curies":[{"name":"wp","href":"https:\/\/api.w.org\/{rel}","templated":true}]}}